{"id":174,"date":"2013-09-17T22:11:19","date_gmt":"2013-09-17T20:11:19","guid":{"rendered":"http:\/\/www.koba.kernibikern.de\/?page_id=174"},"modified":"2020-07-08T21:11:41","modified_gmt":"2020-07-08T19:11:41","slug":"inhalt","status":"publish","type":"page","link":"https:\/\/www.koba.kernibikern.de\/?page_id=174","title":{"rendered":"Inhalt"},"content":{"rendered":"<ul>\n<li><a href=\"https:\/\/www.koba.kernibikern.de\/?rpr_recipe=bunte-gemuesegnocchi\">Bunte Gem\u00fcsegnocchi<\/a><\/li>\n<li><a href=\"https:\/\/www.koba.kernibikern.de\/?p=148\">Fettucini mit Lachs und Sahnesauce<\/a><\/li>\n<li><a href=\"https:\/\/www.koba.kernibikern.de\/?p=239\">Kartoffelauflauf mit Kohlrabi und Tatar<\/a><\/li>\n<li><a href=\"https:\/\/www.koba.kernibikern.de\/?p=188\">K\u00fcrbis-Ricotta-Canneloni<\/a><\/li>\n<li><a href=\"https:\/\/www.koba.kernibikern.de\/?p=212\">Linsen-Gem\u00fcse-Curry mit R\u00e4uchertofu<\/a><\/li>\n<li><a href=\"https:\/\/www.koba.kernibikern.de\/?p=246\">Quinoa-Tabouleh<\/a><\/li>\n<li><a href=\"https:\/\/www.koba.kernibikern.de\/?p=203\">S\u00fc\u00df-scharfe K\u00fcrbis-Kichererbsen-Suppe<\/a><\/li>\n<li><a href=\"https:\/\/www.koba.kernibikern.de\/?p=180\">Tagliatelle mit Fenchel-Tomaten-Gem\u00fcse<\/a><\/li>\n<li><a href=\"https:\/\/www.koba.kernibikern.de\/?p=235\">Tomaten-Bacon-Suppe<\/a><\/li>\n<li><a href=\"https:\/\/www.koba.kernibikern.de\/?p=218\">Trauben-Lauch-Quiche mit Waln\u00fcssen<\/a><\/li>\n<\/ul>\n\n\n<p><\/p>\n","protected":false},"excerpt":{"rendered":"<p>Bunte Gem\u00fcsegnocchi Fettucini mit Lachs und Sahnesauce Kartoffelauflauf mit Kohlrabi und Tatar K\u00fcrbis-Ricotta-Canneloni Linsen-Gem\u00fcse-Curry mit R\u00e4uchertofu Quinoa-Tabouleh S\u00fc\u00df-scharfe K\u00fcrbis-Kichererbsen-Suppe Tagliatelle mit Fenchel-Tomaten-Gem\u00fcse Tomaten-Bacon-Suppe Trauben-Lauch-Quiche mit Waln\u00fcssen<\/p>\n","protected":false},"author":2,"featured_media":0,"parent":0,"menu_order":0,"comment_status":"closed","ping_status":"open","template":"","meta":{"wprm-recipe-roundup-name":"","wprm-recipe-roundup-description":"","footnotes":""},"class_list":["post-174","page","type-page","status-publish"],"_links":{"self":[{"href":"https:\/\/www.koba.kernibikern.de\/index.php?rest_route=\/wp\/v2\/pages\/174","targetHints":{"allow":["GET"]}}],"collection":[{"href":"https:\/\/www.koba.kernibikern.de\/index.php?rest_route=\/wp\/v2\/pages"}],"about":[{"href":"https:\/\/www.koba.kernibikern.de\/index.php?rest_route=\/wp\/v2\/types\/page"}],"author":[{"embeddable":true,"href":"https:\/\/www.koba.kernibikern.de\/index.php?rest_route=\/wp\/v2\/users\/2"}],"replies":[{"embeddable":true,"href":"https:\/\/www.koba.kernibikern.de\/index.php?rest_route=%2Fwp%2Fv2%2Fcomments&post=174"}],"version-history":[{"count":15,"href":"https:\/\/www.koba.kernibikern.de\/index.php?rest_route=\/wp\/v2\/pages\/174\/revisions"}],"predecessor-version":[{"id":279,"href":"https:\/\/www.koba.kernibikern.de\/index.php?rest_route=\/wp\/v2\/pages\/174\/revisions\/279"}],"wp:attachment":[{"href":"https:\/\/www.koba.kernibikern.de\/index.php?rest_route=%2Fwp%2Fv2%2Fmedia&parent=174"}],"curies":[{"name":"wp","href":"https:\/\/api.w.org\/{rel}","templated":true}]}}